{"id":631,"date":"2020-11-23T21:49:00","date_gmt":"2020-11-23T21:49:00","guid":{"rendered":"https:\/\/acesm.com.br\/site\/artigos-copy\/"},"modified":"2026-01-27T22:44:40","modified_gmt":"2026-01-27T22:44:40","slug":"noticias","status":"publish","type":"page","link":"https:\/\/acesm.com.br\/site\/noticias\/","title":{"rendered":"Not\u00edcias"},"content":{"rendered":"<p><div class=\"et_d4_element et_pb_section et_pb_section_0  et_pb_css_mix_blend_mode et_section_regular et_block_section\" >\n\t\t\t\t\n\t\t\t\t\n\t\t\t\t\n\t\t\t\t\n\t\t\t\t\n\t\t\t\t\n\t\t\t\t<div class=\"et_d4_element et_pb_row et_pb_row_0  et_pb_css_mix_blend_mode et_block_row\">\n\t\t\t\t<div class=\"et_d4_element et_pb_column_4_4 et_pb_column et_pb_column_0  et_pb_css_mix_blend_mode et-last-child et_block_column\">\n\t\t\t\t\n\t\t\t\t\n\t\t\t\t\n\t\t\t\t\n\t\t\t\t<div class=\"et_pb_module et_d4_element et_pb_text et_pb_text_0  et_pb_text_align_left et_pb_bg_layout_light\">\n\t\t\t\t\n\t\t\t\t\n\t\t\t\t\n\t\t\t\t\n\t\t\t\t\n\t\t\t<\/div><div class=\"et_pb_module et_d4_element et_pb_divider et_pb_divider_0 et_pb_space\"><div class=\"et_pb_divider_internal\"><\/div><\/div>\n\t\t\t<\/div>\n\t\t\t\t\n\t\t\t\t\n\t\t\t\t\n\t\t\t\t\n\t\t\t<\/div><div class=\"et_d4_element et_pb_row et_pb_row_1  et_pb_css_mix_blend_mode et_block_row\">\n\t\t\t\t<div class=\"et_d4_element et_pb_column_4_4 et_pb_column et_pb_column_1  et_pb_css_mix_blend_mode et-last-child et_block_column\">\n\t\t\t\t\n\t\t\t\t\n\t\t\t\t\n\t\t\t\t\n\t\t\t\t<div class=\"et_pb_with_border et_pb_module et_d4_element et_pb_blog_0  et_pb_css_mix_blend_mode et_pb_blog_grid_wrapper et_pb_bg_layout_light\">\n\t\t\t\t\t<div class=\"et_pb_blog_grid clearfix \">\n\t\t\t\t\t\n\t\t\t\t\t\n\t\t\t\t\t\n\t\t\t\t\t\n\t\t\t\t\t<div class=\"et_pb_ajax_pagination_container\">\n\t\t\t\t\t\t<div class=\"et_pb_salvattore_content\" data-columns>\n\t\t\t<article id=\"post-1249\" class=\"et_pb_post clearfix et_pb_blog_item_0_0 post-1249 post type-post status-publish format-standard has-post-thumbnail hentry category-noticias\">\n\n\t\t\t\t<div class=\"et_pb_image_container\"><a href=\"https:\/\/acesm.com.br\/site\/2026\/03\/15\/feliz-dia-do-consumidor\/\" class=\"entry-featured-image-url\"><img loading=\"lazy\" decoding=\"async\" src=\"https:\/\/acesm.com.br\/site\/wp-content\/uploads\/2026\/03\/01-400x250.jpg\" alt=\"Feliz dia do Consumidor\" class=\"\" srcset=\"https:\/\/acesm.com.br\/site\/wp-content\/uploads\/2026\/03\/01.jpg 479w, https:\/\/acesm.com.br\/site\/wp-content\/uploads\/2026\/03\/01-400x250.jpg 480w \" sizes=\"(max-width:479px) 479px, 100vw \"  width=\"400\" height=\"250\" \/><\/a><\/div>\n\t\t\t\t\t\t\t\t\t\t\t\t\t\t<h2 class=\"entry-title\">\n\t\t\t\t\t\t\t\t\t\t\t\t\t<a href=\"https:\/\/acesm.com.br\/site\/2026\/03\/15\/feliz-dia-do-consumidor\/\">Feliz dia do Consumidor<\/a>\n\t\t\t\t\t\t\t\t\t\t\t<\/h2>\n\t\t\t\t\n\t\t\t\t\t<p class=\"post-meta\"><span class=\"published\">mar 15, 2026<\/span><\/p><div class=\"post-content\"><div class=\"post-content-inner\"><p>O Dia do Consumidor \u00e9 uma data para reconhecer a import\u00e2ncia de quem movimenta o com\u00e9rcio e fortalece nossa cidade. A Associa\u00e7\u00e3o Comercial e Empresarial de S\u00e3o Manuel parabeniza todos os consumidores e agradece por apoiar o com\u00e9rcio local<\/p>\n<\/div><\/div>\t\t\t\n\t\t\t<\/article>\n\t\t\t\t\n\t\t\t<article id=\"post-1245\" class=\"et_pb_post clearfix et_pb_blog_item_0_1 post-1245 post type-post status-publish format-standard has-post-thumbnail hentry category-noticias\">\n\n\t\t\t\t<div class=\"et_pb_image_container\"><a href=\"https:\/\/acesm.com.br\/site\/2026\/03\/15\/parceria-imes\/\" class=\"entry-featured-image-url\"><img loading=\"lazy\" decoding=\"async\" src=\"https:\/\/acesm.com.br\/site\/wp-content\/uploads\/2026\/03\/imes-400x250.jpg\" alt=\"Parceria com o IMES\" class=\"\" srcset=\"https:\/\/acesm.com.br\/site\/wp-content\/uploads\/2026\/03\/imes.jpg 479w, https:\/\/acesm.com.br\/site\/wp-content\/uploads\/2026\/03\/imes-400x250.jpg 480w \" sizes=\"(max-width:479px) 479px, 100vw \"  width=\"400\" height=\"250\" \/><\/a><\/div>\n\t\t\t\t\t\t\t\t\t\t\t\t\t\t<h2 class=\"entry-title\">\n\t\t\t\t\t\t\t\t\t\t\t\t\t<a href=\"https:\/\/acesm.com.br\/site\/2026\/03\/15\/parceria-imes\/\">Parceria com o IMES<\/a>\n\t\t\t\t\t\t\t\t\t\t\t<\/h2>\n\t\t\t\t\n\t\t\t\t\t<p class=\"post-meta\"><span class=\"published\">mar 15, 2026<\/span><\/p><div class=\"post-content\"><div class=\"post-content-inner\"><p>Nossos associados t\u00eam benef\u00edcios exclusivos em faculdades parceiras, garantindo descontos especiais, acesso facilitado a cursos e oportunidades de capacita\u00e7\u00e3o que fazem a diferen\u00e7a na sua carreira e no crescimento do seu neg\u00f3cio. Invista em conhecimento e fa\u00e7a parte...<\/p>\n<\/div><\/div>\t\t\t\n\t\t\t<\/article>\n\t\t\t\t\n\t\t\t<article id=\"post-1240\" class=\"et_pb_post clearfix et_pb_blog_item_0_2 post-1240 post type-post status-publish format-standard has-post-thumbnail hentry category-noticias\">\n\n\t\t\t\t<div class=\"et_pb_image_container\"><a href=\"https:\/\/acesm.com.br\/site\/2026\/03\/15\/visita-a-escola-walter-carrer\/\" class=\"entry-featured-image-url\"><img loading=\"lazy\" decoding=\"async\" src=\"https:\/\/acesm.com.br\/site\/wp-content\/uploads\/2026\/03\/escola_03-400x250.jpg\" alt=\"Visita \u00e0 Escola Walter Carrer\" class=\"\" srcset=\"https:\/\/acesm.com.br\/site\/wp-content\/uploads\/2026\/03\/escola_03.jpg 479w, https:\/\/acesm.com.br\/site\/wp-content\/uploads\/2026\/03\/escola_03-400x250.jpg 480w \" sizes=\"(max-width:479px) 479px, 100vw \"  width=\"400\" height=\"250\" \/><\/a><\/div>\n\t\t\t\t\t\t\t\t\t\t\t\t\t\t<h2 class=\"entry-title\">\n\t\t\t\t\t\t\t\t\t\t\t\t\t<a href=\"https:\/\/acesm.com.br\/site\/2026\/03\/15\/visita-a-escola-walter-carrer\/\">Visita \u00e0 Escola Walter Carrer<\/a>\n\t\t\t\t\t\t\t\t\t\t\t<\/h2>\n\t\t\t\t\n\t\t\t\t\t<p class=\"post-meta\"><span class=\"published\">mar 15, 2026<\/span><\/p><div class=\"post-content\"><div class=\"post-content-inner\"><p>No dia 05 de mar\u00e7o, a Associa\u00e7\u00e3o Comercial de S\u00e3o Manuel realizou uma visita \u00e0 Escola Walter Carrer, conversando com alunos do 2\u00ba e 3\u00ba ano do curso t\u00e9cnico, no per\u00edodo da manh\u00e3. Durante o encontro, foi apresentado aos estudantes como funciona o est\u00e1gio no mercado de...<\/p>\n<\/div><\/div>\t\t\t\n\t\t\t<\/article>\n\t\t\t\t\n\t\t\t<article id=\"post-1236\" class=\"et_pb_post clearfix et_pb_blog_item_0_3 post-1236 post type-post status-publish format-standard has-post-thumbnail hentry category-noticias\">\n\n\t\t\t\t<div class=\"et_pb_image_container\"><a href=\"https:\/\/acesm.com.br\/site\/2026\/03\/15\/feliz-dia-da-mulher\/\" class=\"entry-featured-image-url\"><img loading=\"lazy\" decoding=\"async\" src=\"https:\/\/acesm.com.br\/site\/wp-content\/uploads\/2026\/03\/diamulher-400x250.jpg\" alt=\"Feliz dia da Mulher\" class=\"\" srcset=\"https:\/\/acesm.com.br\/site\/wp-content\/uploads\/2026\/03\/diamulher.jpg 479w, https:\/\/acesm.com.br\/site\/wp-content\/uploads\/2026\/03\/diamulher-400x250.jpg 480w \" sizes=\"(max-width:479px) 479px, 100vw \"  width=\"400\" height=\"250\" \/><\/a><\/div>\n\t\t\t\t\t\t\t\t\t\t\t\t\t\t<h2 class=\"entry-title\">\n\t\t\t\t\t\t\t\t\t\t\t\t\t<a href=\"https:\/\/acesm.com.br\/site\/2026\/03\/15\/feliz-dia-da-mulher\/\">Feliz dia da Mulher<\/a>\n\t\t\t\t\t\t\t\t\t\t\t<\/h2>\n\t\t\t\t\n\t\t\t\t\t<p class=\"post-meta\"><span class=\"published\">mar 15, 2026<\/span><\/p><div class=\"post-content\"><div class=\"post-content-inner\"><p>Seja como empreendedoras, l\u00edderes ou colaboradoras, voc\u00eas mostram que determina\u00e7\u00e3o, criatividade e coragem caminham lado a lado com cada conquista. Hoje celebramos n\u00e3o apenas o sucesso, mas a influ\u00eancia e o impacto positivo que as mulheres t\u00eam em nossa associa\u00e7\u00e3o e em...<\/p>\n<\/div><\/div>\t\t\t\n\t\t\t<\/article>\n\t\t\t\t\n\t\t\t<article id=\"post-1233\" class=\"et_pb_post clearfix et_pb_blog_item_0_4 post-1233 post type-post status-publish format-standard has-post-thumbnail hentry category-noticias\">\n\n\t\t\t\t<div class=\"et_pb_image_container\"><a href=\"https:\/\/acesm.com.br\/site\/2026\/03\/15\/calendario-marco-2026\/\" class=\"entry-featured-image-url\"><img loading=\"lazy\" decoding=\"async\" src=\"https:\/\/acesm.com.br\/site\/wp-content\/uploads\/2026\/03\/04-400x250.jpeg\" alt=\"Calend\u00e1rio Mar\u00e7o 2026\" class=\"\" srcset=\"https:\/\/acesm.com.br\/site\/wp-content\/uploads\/2026\/03\/04.jpeg 479w, https:\/\/acesm.com.br\/site\/wp-content\/uploads\/2026\/03\/04-400x250.jpeg 480w \" sizes=\"(max-width:479px) 479px, 100vw \"  width=\"400\" height=\"250\" \/><\/a><\/div>\n\t\t\t\t\t\t\t\t\t\t\t\t\t\t<h2 class=\"entry-title\">\n\t\t\t\t\t\t\t\t\t\t\t\t\t<a href=\"https:\/\/acesm.com.br\/site\/2026\/03\/15\/calendario-marco-2026\/\">Calend\u00e1rio Mar\u00e7o 2026<\/a>\n\t\t\t\t\t\t\t\t\t\t\t<\/h2>\n\t\t\t\t\n\t\t\t\t\t<p class=\"post-meta\"><span class=\"published\">mar 15, 2026<\/span><\/p><div class=\"post-content\"><div class=\"post-content-inner\"><p>Confira o calend\u00e1rio de Mar\u00e7o! Este m\u00eas re\u00fane datas que impulsionam o varejo, como o dia Internacional da Mulher e o dia do Consumidor. Para mais informa\u00e7\u00f5es, entre em contato conosco. (14) 99610-2957 | (14) 99129-5607<\/p>\n<\/div><\/div>\t\t\t\n\t\t\t<\/article>\n\t\t\t\t\n\t\t\t<article id=\"post-1230\" class=\"et_pb_post clearfix et_pb_blog_item_0_5 post-1230 post type-post status-publish format-standard has-post-thumbnail hentry category-noticias\">\n\n\t\t\t\t<div class=\"et_pb_image_container\"><a href=\"https:\/\/acesm.com.br\/site\/2026\/03\/15\/oportunidade-de-estagio\/\" class=\"entry-featured-image-url\"><img loading=\"lazy\" decoding=\"async\" src=\"https:\/\/acesm.com.br\/site\/wp-content\/uploads\/2026\/03\/05-400x250.jpeg\" alt=\"OPORTUNIDADE DE EST\u00c1GIO!\" class=\"\" srcset=\"https:\/\/acesm.com.br\/site\/wp-content\/uploads\/2026\/03\/05.jpeg 479w, https:\/\/acesm.com.br\/site\/wp-content\/uploads\/2026\/03\/05-400x250.jpeg 480w \" sizes=\"(max-width:479px) 479px, 100vw \"  width=\"400\" height=\"250\" \/><\/a><\/div>\n\t\t\t\t\t\t\t\t\t\t\t\t\t\t<h2 class=\"entry-title\">\n\t\t\t\t\t\t\t\t\t\t\t\t\t<a href=\"https:\/\/acesm.com.br\/site\/2026\/03\/15\/oportunidade-de-estagio\/\">OPORTUNIDADE DE EST\u00c1GIO!<\/a>\n\t\t\t\t\t\t\t\t\t\t\t<\/h2>\n\t\t\t\t\n\t\t\t\t\t<p class=\"post-meta\"><span class=\"published\">mar 15, 2026<\/span><\/p><div class=\"post-content\"><div class=\"post-content-inner\"><p>Oportunidade para estagi\u00e1rio(a) na Concession\u00e1ria Proeste. Uma excelente chance para quem deseja desenvolver habilidades profissionais, adquirir experi\u00eancia pr\u00e1tica e crescer em um ambiente corporativo estruturado. Vaga para est\u00e1gio Concession\u00e1ria Proeste Oportunidade...<\/p>\n<\/div><\/div>\t\t\t\n\t\t\t<\/article>\n\t\t\t\t\n\t\t\t<article id=\"post-1227\" class=\"et_pb_post clearfix et_pb_blog_item_0_6 post-1227 post type-post status-publish format-standard has-post-thumbnail hentry category-noticias\">\n\n\t\t\t\t<div class=\"et_pb_image_container\"><a href=\"https:\/\/acesm.com.br\/site\/2026\/02\/16\/horarios-no-carnaval-2026\/\" class=\"entry-featured-image-url\"><img loading=\"lazy\" decoding=\"async\" src=\"https:\/\/acesm.com.br\/site\/wp-content\/uploads\/2026\/03\/carnaval-400x250.jpg\" alt=\"Hor\u00e1rios no Carnaval 2026\" class=\"\" srcset=\"https:\/\/acesm.com.br\/site\/wp-content\/uploads\/2026\/03\/carnaval.jpg 479w, https:\/\/acesm.com.br\/site\/wp-content\/uploads\/2026\/03\/carnaval-400x250.jpg 480w \" sizes=\"(max-width:479px) 479px, 100vw \"  width=\"400\" height=\"250\" \/><\/a><\/div>\n\t\t\t\t\t\t\t\t\t\t\t\t\t\t<h2 class=\"entry-title\">\n\t\t\t\t\t\t\t\t\t\t\t\t\t<a href=\"https:\/\/acesm.com.br\/site\/2026\/02\/16\/horarios-no-carnaval-2026\/\">Hor\u00e1rios no Carnaval 2026<\/a>\n\t\t\t\t\t\t\t\t\t\t\t<\/h2>\n\t\t\t\t\n\t\t\t\t\t<p class=\"post-meta\"><span class=\"published\">fev 16, 2026<\/span><\/p><div class=\"post-content\"><div class=\"post-content-inner\"><p>Aten\u00e7\u00e3o ao nosso hor\u00e1rio de funcionamento no carnaval 2026!<\/p>\n<\/div><\/div>\t\t\t\n\t\t\t<\/article>\n\t\t\t\t\n\t\t\t<article id=\"post-1145\" class=\"et_pb_post clearfix et_pb_blog_item_0_7 post-1145 post type-post status-publish format-standard has-post-thumbnail hentry category-noticias\">\n\n\t\t\t\t<div class=\"et_pb_image_container\"><a href=\"https:\/\/acesm.com.br\/site\/2026\/01\/08\/vem-ai-a-feira-da-lua-2026\/\" class=\"entry-featured-image-url\"><img loading=\"lazy\" decoding=\"async\" src=\"https:\/\/acesm.com.br\/site\/wp-content\/uploads\/2026\/01\/acesm_janeiro_2026-200126-400x250.jpg\" alt=\"Vem ai a Feira da Lua 2026!\" class=\"\" srcset=\"https:\/\/acesm.com.br\/site\/wp-content\/uploads\/2026\/01\/acesm_janeiro_2026-200126.jpg 479w, https:\/\/acesm.com.br\/site\/wp-content\/uploads\/2026\/01\/acesm_janeiro_2026-200126-400x250.jpg 480w \" sizes=\"(max-width:479px) 479px, 100vw \"  width=\"400\" height=\"250\" \/><\/a><\/div>\n\t\t\t\t\t\t\t\t\t\t\t\t\t\t<h2 class=\"entry-title\">\n\t\t\t\t\t\t\t\t\t\t\t\t\t<a href=\"https:\/\/acesm.com.br\/site\/2026\/01\/08\/vem-ai-a-feira-da-lua-2026\/\">Vem ai a Feira da Lua 2026!<\/a>\n\t\t\t\t\t\t\t\t\t\t\t<\/h2>\n\t\t\t\t\n\t\t\t\t\t<p class=\"post-meta\"><span class=\"published\">jan 8, 2026<\/span><\/p><div class=\"post-content\"><div class=\"post-content-inner\"><p>FA\u00c7A SUA INSCRI\u00c7\u00c3O PARA A 1\u00aa FEIRA DA LUA DE S\u00c3O MANUEL Esta\u00e7\u00e3o Ferrovi\u00e1ria 17 de janeiro de 2026 | a partir das 19h Inscri\u00e7\u00f5es abertas para expositores formul\u00e1rio: https:\/\/forms.gle\/8XHxkbx1FouuBU9A9 at\u00e9 10 de janeiro Inscri\u00e7\u00e3o sujeita \u00e0 an\u00e1lise e...<\/p>\n<\/div><\/div>\t\t\t\n\t\t\t<\/article>\n\t\t\t\t\n\t\t\t<article id=\"post-1141\" class=\"et_pb_post clearfix et_pb_blog_item_0_8 post-1141 post type-post status-publish format-standard has-post-thumbnail hentry category-noticias\">\n\n\t\t\t\t<div class=\"et_pb_image_container\"><a href=\"https:\/\/acesm.com.br\/site\/2025\/12\/02\/reuniao-define-acoes-de-seguranca-para-o-comercio\/\" class=\"entry-featured-image-url\"><img loading=\"lazy\" decoding=\"async\" src=\"https:\/\/acesm.com.br\/site\/wp-content\/uploads\/2025\/12\/588548412_1315137370657749_7679314762283505747_n-400x250.jpg\" alt=\"Reuni\u00e3o define a\u00e7\u00f5es de Seguran\u00e7a para o Com\u00e9rcio\" class=\"\" srcset=\"https:\/\/acesm.com.br\/site\/wp-content\/uploads\/2025\/12\/588548412_1315137370657749_7679314762283505747_n.jpg 479w, https:\/\/acesm.com.br\/site\/wp-content\/uploads\/2025\/12\/588548412_1315137370657749_7679314762283505747_n-400x250.jpg 480w \" sizes=\"(max-width:479px) 479px, 100vw \"  width=\"400\" height=\"250\" \/><\/a><\/div>\n\t\t\t\t\t\t\t\t\t\t\t\t\t\t<h2 class=\"entry-title\">\n\t\t\t\t\t\t\t\t\t\t\t\t\t<a href=\"https:\/\/acesm.com.br\/site\/2025\/12\/02\/reuniao-define-acoes-de-seguranca-para-o-comercio\/\">Reuni\u00e3o define a\u00e7\u00f5es de Seguran\u00e7a para o Com\u00e9rcio<\/a>\n\t\t\t\t\t\t\t\t\t\t\t<\/h2>\n\t\t\t\t\n\t\t\t\t\t<p class=\"post-meta\"><span class=\"published\">dez 2, 2025<\/span><\/p><div class=\"post-content\"><div class=\"post-content-inner\"><p>REUNI\u00c3O DEFINE A\u00c7\u00d5ES DE SEGURAN\u00c7A PARA O COM\u00c9RCIO NO PER\u00cdODO DE FIM DE ANO EM S\u00c3O MANUEL Com o objetivo de refor\u00e7ar a seguran\u00e7a no com\u00e9rcio durante o per\u00edodo de maior movimento no fim de ano, foi realizada uma reuni\u00e3o estrat\u00e9gica entre representantes do poder p\u00fablico,...<\/p>\n<\/div><\/div>\t\t\t\n\t\t\t<\/article>\n\t\t\t\t<\/div><div><div class=\"pagination clearfix\">\n\t<div class=\"alignleft\"><a href=\"https:\/\/acesm.com.br\/site\/wp-json\/wp\/v2\/pages\/631\/page\/2\/?et_blog\" >&laquo; Entradas Mais Antigas<\/a><\/div>\n\t<div class=\"alignright\"><\/div>\n<\/div><\/div><\/div>\n\t\t\t\t\t<\/div>\n\t\t\t\t\t \n\t\t\t\t<\/div>\n\t\t\t<\/div>\n\t\t\t\t\n\t\t\t\t\n\t\t\t\t\n\t\t\t\t\n\t\t\t<\/div>\n\t\t\t\t\n\t\t\t\t\n\t\t\t<\/div><div class=\"et_d4_element et_pb_section et_pb_section_2 et_pb_section_parallax et_pb_with_background  et_pb_css_mix_blend_mode et_section_regular et_block_section\" >\n\t\t\t\t\n\t\t\t\t<span class=\"et_parallax_bg_wrap et-pb-parallax-wrapper\"><span\n\t\t\t\t\t\tclass=\"et_parallax_bg et_pb_parallax_css et_parallax_bg--et_pb_section_2\"\n\t\t\t\t\t\tstyle=\"background-image: url(https:\/\/acesm.com.br\/site\/wp-content\/uploads\/2020\/11\/fachada_acesm.jpg);\"\n\t\t\t\t\t><\/span><\/span>\n\t\t\t\t\n\t\t\t\t\n\t\t\t\t\n\t\t\t\t\n\t\t\t\t<div class=\"et_d4_element et_pb_row et_pb_row_2  et_pb_css_mix_blend_mode et_block_row\">\n\t\t\t\t<div class=\"et_d4_element et_pb_column_4_4 et_pb_column et_pb_column_2  et_pb_css_mix_blend_mode et-last-child et_block_column\">\n\t\t\t\t\n\t\t\t\t\n\t\t\t\t\n\t\t\t\t\n\t\t\t\t<div class=\"et_pb_module et_d4_element et_pb_text et_pb_text_1  et_pb_text_align_center et_pb_bg_layout_light\">\n\t\t\t\t\n\t\t\t\t\n\t\t\t\t\n\t\t\t\t\n\t\t\t\t<div class=\"et_pb_text_inner\"><p>Atendimento:<\/p>\n<p>(14) 99129-5607 | (14) 99610-2957<\/p><\/div>\n\t\t\t<\/div>\n\t\t\t<\/div>\n\t\t\t\t\n\t\t\t\t\n\t\t\t\t\n\t\t\t\t\n\t\t\t<\/div>\n\t\t\t\t\n\t\t\t\t\n\t\t\t<\/div><\/p>\n<div style=\"padding-bottom:20px; padding-top:10px;\" class=\"hupso-share-buttons\"><!-- Hupso Share Buttons - https:\/\/www.hupso.com\/share\/ --><a class=\"hupso_counters\" href=\"https:\/\/www.hupso.com\/share\/\"><img decoding=\"async\" src=\"https:\/\/static.hupso.com\/share\/buttons\/dot.png\" style=\"border:0px; padding-top:2px; float:left;\" alt=\"Share Button\"\/><\/a><script type=\"text\/javascript\">var hupso_services_c=new Array(\"twitter\",\"facebook_like\",\"facebook_send\",\"google\",\"pinterest\",\"email\",\"print\",\"linkedin\");var hupso_counters_lang = \"pt_BR\";var hupso_image_folder_url = \"\";var hupso_url_c=\"\";var hupso_title_c=\"Not%C3%ADcias\";<\/script><script type=\"text\/javascript\" src=\"https:\/\/static.hupso.com\/share\/js\/counters.js\"><\/script><!-- Hupso Share Buttons --><\/div>","protected":false},"excerpt":{"rendered":"","protected":false},"author":1,"featured_media":0,"parent":0,"menu_order":0,"comment_status":"closed","ping_status":"closed","template":"","meta":{"_et_pb_use_builder":"on","_et_pb_old_content":"","_et_gb_content_width":"","footnotes":""},"class_list":["post-631","page","type-page","status-publish","hentry"],"_links":{"self":[{"href":"https:\/\/acesm.com.br\/site\/wp-json\/wp\/v2\/pages\/631","targetHints":{"allow":["GET"]}}],"collection":[{"href":"https:\/\/acesm.com.br\/site\/wp-json\/wp\/v2\/pages"}],"about":[{"href":"https:\/\/acesm.com.br\/site\/wp-json\/wp\/v2\/types\/page"}],"author":[{"embeddable":true,"href":"https:\/\/acesm.com.br\/site\/wp-json\/wp\/v2\/users\/1"}],"replies":[{"embeddable":true,"href":"https:\/\/acesm.com.br\/site\/wp-json\/wp\/v2\/comments?post=631"}],"version-history":[{"count":3,"href":"https:\/\/acesm.com.br\/site\/wp-json\/wp\/v2\/pages\/631\/revisions"}],"predecessor-version":[{"id":1182,"href":"https:\/\/acesm.com.br\/site\/wp-json\/wp\/v2\/pages\/631\/revisions\/1182"}],"wp:attachment":[{"href":"https:\/\/acesm.com.br\/site\/wp-json\/wp\/v2\/media?parent=631"}],"curies":[{"name":"wp","href":"https:\/\/api.w.org\/{rel}","templated":true}]}}