{"id":606,"date":"2020-11-23T02:12:08","date_gmt":"2020-11-23T02:12:08","guid":{"rendered":"https:\/\/acesm.com.br\/site\/perfildetalentos-copy\/"},"modified":"2026-03-27T15:35:45","modified_gmt":"2026-03-27T15:35:45","slug":"contato","status":"publish","type":"page","link":"https:\/\/acesm.com.br\/site\/contato\/","title":{"rendered":"Contato"},"content":{"rendered":"<div class=\"et_pb_section_0 et_pb_section et_section_regular et_block_section\">\n<div class=\"et_pb_row_0 et_pb_row et_block_row\">\n<div class=\"et_pb_column_0 et_pb_column et_pb_column_4_4 et-last-child et_block_column et_pb_css_mix_blend_mode_passthrough\">\n<div class=\"et_pb_text_0 et_pb_text et_pb_bg_layout_light et_pb_module et_block_module\"><div class=\"et_pb_text_inner\"><p>Contato<\/p>\n<\/div><\/div>\n\n<div class=\"et_pb_divider_0 et_pb_divider et_pb_space et_pb_divider_position_top et_pb_module\"><div class=\"et_pb_divider_internal\"><\/div><\/div>\n<\/div>\n<\/div>\n\n<div class=\"et_pb_row_1 et_pb_row et_block_row\">\n<div class=\"et_pb_column_1 et_pb_column et_pb_column_2_3 et_block_column et_pb_css_mix_blend_mode_passthrough\">\n<div class=\"et_pb_text_1 et_pb_text et_pb_bg_layout_light et_pb_module et_block_module\"><div class=\"et_pb_text_inner\"><h2><strong>Veja as diversas formas de atendimento da ACESM<\/strong><\/h2>\n<\/div><\/div>\n\n<div class=\"et_pb_text_2 et_pb_text et_pb_bg_layout_light et_pb_module et_block_module\"><div class=\"et_pb_text_inner\"><div class=\"intro-text\">\n<p><strong>Whatsapp:<\/strong> (14) 99129-5607 | (14) 99610-2957<\/p>\n<p>O atendimento e o suporte por telefone est\u00e3o dispon\u00edveis de segunda a sexta-feira das 09h00 \u00e0s 17h00.<\/p>\n<\/div>\n<\/div><\/div>\n\n<div class=\"et_pb_text_3 et_pb_text et_pb_bg_layout_light et_pb_module et_block_module\"><div class=\"et_pb_text_inner\"><h2><strong>Consultas SCPC<\/strong><\/h2>\n<\/div><\/div>\n\n<div class=\"et_pb_text_4 et_pb_text et_pb_bg_layout_light et_pb_module et_block_module\"><div class=\"et_pb_text_inner\"><p>A realiza\u00e7\u00e3o de consultas pelo site da ACESM \u00e9 restrita aos associados da Associa\u00e7\u00e3o Comercial e Empresarial S\u00e3o Manuel. As consultas podem ser realizadas 24h por dia nos 7 dias da semana, inclusive feriados. \u00c9 necess\u00e1rio um cadastramento pr\u00e9vio para realiza\u00e7\u00e3o de consultas. Para se cadastrar ligue para <span>(14) 99129-5607<\/span><\/p>\n<\/div><\/div>\n\n<div class=\"et_pb_text_5 et_pb_text et_pb_bg_layout_light et_pb_module et_block_module\"><div class=\"et_pb_text_inner\"><h2><strong>Hor\u00e1rios:<\/strong><\/h2>\n<\/div><\/div>\n\n<div class=\"et_pb_text_6 et_pb_text et_pb_bg_layout_light et_pb_module et_block_module\"><div class=\"et_pb_text_inner\"><p>Servi\u00e7o Central de Prote\u00e7\u00e3o ao Cr\u00e9dito (SCPC): Atendimento de segunda a sexta-feira das 9h00 \u00e0s 17h00.<br \/>Departamentos administrativo na sede da ACESM: de segunda a sexta-feira das 9h00 \u00e0s 17h00.<\/p>\n<\/div><\/div>\n\n<div class=\"et_pb_text_7 et_pb_text et_pb_bg_layout_light et_pb_module et_block_module\"><div class=\"et_pb_text_inner\"><h2><strong>Localiza\u00e7\u00e3o:<\/strong><\/h2>\n<\/div><\/div>\n\n<div class=\"et_pb_text_8 et_pb_text et_pb_bg_layout_light et_pb_module et_block_module\"><div class=\"et_pb_text_inner\"><p>R. Marcelo Giorgi, 150 \u2013 Vila Ipiranga, S\u00e3o Manuel \u2013 SP<\/p>\n<\/div><\/div>\n<\/div>\n\n<div class=\"et_pb_column_2 et_pb_column et_pb_column_1_3 et-last-child et_block_column et_pb_css_mix_blend_mode_passthrough\">\n<div class=\"et_pb_contact_form_0 et_pb_contact_form_container clearfix et_pb_module et_flex_module\" data-form_unique_num=\"0\" data-form_unique_id=\"7067d836e5cc6b8d0df5f1ee01accc26\" id=\"et_pb_contact_form_7067d836e5cc6b8d0df5f1ee01accc26\"><h1 class=\"et_pb_contact_main_title\">Preencha para solicitar servi\u00e7os.<\/h1><div class=\"et-pb-contact-message\"><\/div><div class=\"et_pb_contact\"><form class=\"et_pb_contact_form et_flex_module\" method=\"post\" action=\"https:\/\/acesm.com.br\/site\/wp-json\/wp\/v2\/pages\/606\">\n<div class=\"et_pb_contact_field_0 et_pb_contact_field et_pb_module et_flex_module et_flex_column_24_24 et_flex_column_24_24_tablet et_flex_column_24_24_phone\" data-id=\"name\" data-type=\"input\"><label class=\"et_pb_contact_form_label\" for=\"et_pb_contact_0_name_0\">Nome<\/label><input type=\"text\" name=\"et_pb_contact_0_name_0\" id=\"et_pb_contact_0_name_0\" class=\"input\" data-required_mark=\"required\" data-field_type=\"input\" data-original_id=\"name\" placeholder=\"Nome\" title=\"\" value=\"\" \/><\/div>\n\n<div class=\"et_pb_contact_field_1 et_pb_contact_field et_pb_module et_flex_module et_flex_column_24_24 et_flex_column_24_24_tablet et_flex_column_24_24_phone\" data-id=\"email\" data-type=\"email\"><label class=\"et_pb_contact_form_label\" for=\"et_pb_contact_0_email_1\">E-mail<\/label><input type=\"text\" name=\"et_pb_contact_0_email_1\" id=\"et_pb_contact_0_email_1\" class=\"input\" data-required_mark=\"required\" data-field_type=\"email\" data-original_id=\"email\" placeholder=\"E-mail\" title=\"\" value=\"\" \/><\/div>\n\n<div class=\"et_pb_contact_field_2 et_pb_contact_field et_pb_module et_flex_module et_flex_column_24_24 et_flex_column_24_24_tablet et_flex_column_24_24_phone\" data-id=\"telefone\" data-type=\"input\"><label class=\"et_pb_contact_form_label\" for=\"et_pb_contact_0_telefone_2\">Telefone<\/label><input type=\"text\" name=\"et_pb_contact_0_telefone_2\" id=\"et_pb_contact_0_telefone_2\" class=\"input\" data-required_mark=\"required\" data-field_type=\"input\" data-original_id=\"telefone\" placeholder=\"Telefone\" title=\"\" value=\"\" \/><\/div>\n\n<div class=\"et_pb_contact_field_3 et_pb_contact_field et_pb_module et_flex_module et_flex_column_24_24 et_flex_column_24_24_tablet et_flex_column_24_24_phone\" data-id=\"cidade\" data-type=\"input\"><label class=\"et_pb_contact_form_label\" for=\"et_pb_contact_0_cidade_3\">Cidade<\/label><input type=\"text\" name=\"et_pb_contact_0_cidade_3\" id=\"et_pb_contact_0_cidade_3\" class=\"input\" data-required_mark=\"required\" data-field_type=\"input\" data-original_id=\"cidade\" placeholder=\"Cidade\" title=\"\" value=\"\" \/><\/div>\n\n<div class=\"et_pb_contact_field_4 et_pb_contact_field et_pb_module et_flex_module et_flex_column_24_24 et_flex_column_24_24_tablet et_flex_column_24_24_phone\" data-id=\"message\" data-type=\"text\"><label class=\"et_pb_contact_form_label\" for=\"et_pb_contact_0_message_4\">Mensagem<\/label><textarea name=\"et_pb_contact_0_message_4\" id=\"et_pb_contact_0_message_4\" class=\"et_pb_contact_message input\" data-required_mark=\"required\" data-field_type=\"text\" data-original_id=\"message\" placeholder=\"Mensagem\"><\/textarea><\/div>\n<input type=\"hidden\" name=\"et_pb_contactform_submit_7067d836e5cc6b8d0df5f1ee01accc26\" value=\"et_contact_proccess\" \/><div class=\"et_contact_bottom_container\"><div class=\"et_pb_contact_right et_pb_contact_field\"><p class=\"clearfix\"><span class=\"et_pb_contact_captcha_question\">8 + 15<\/span> = <input type=\"text\" size=\"2\" class=\"input et_pb_contact_captcha\" data-first_digit=\"8\" data-second_digit=\"15\" data-required_mark=\"required\" name=\"et_pb_contact_captcha_7067d836e5cc6b8d0df5f1ee01accc26\" autocomplete=\"off\" \/><\/p><\/div><div class=\"et_pb_button_wrapper\"><button type=\"submit\" name=\"et_builder_submit_button\" class=\"et_pb_button et_pb_contact_submit\">Submit<\/button><\/div><\/div><input type=\"hidden\" id=\"_wpnonce-et-pb-contact-form-submitted-7067d836e5cc6b8d0df5f1ee01accc26\" name=\"_wpnonce-et-pb-contact-form-submitted-7067d836e5cc6b8d0df5f1ee01accc26\" value=\"b63eaeff8b\" \/><input type=\"hidden\" name=\"_wp_http_referer\" value=\"\/site\/wp-json\/wp\/v2\/pages\/606\" \/><\/form><\/div><\/div>\n<\/div>\n<\/div>\n\n<div class=\"et_pb_row_2 et_pb_row et_block_row\">\n<div class=\"et_pb_column_3 et_pb_column et_pb_column_4_4 et-last-child et_block_column et_pb_css_mix_blend_mode_passthrough\">\n<div class=\"et_pb_code_0 et_pb_code et_pb_module\"><div class=\"et_pb_code_inner\"><iframe loading=\"lazy\" src=\"https:\/\/www.google.com\/maps\/embed?pb=!1m18!1m12!1m3!1d3679.581608431455!2d-48.57405898503733!3d-22.74378738509498!2m3!1f0!2f0!3f0!3m2!1i1024!2i768!4f13.1!3m3!1m2!1s0x94c73013255294dd%3A0x260724343c528f2c!2sR.%20Marcelo%20Giorgi%2C%20150%20-%20Vila%20Ipiranga%2C%20S%C3%A3o%20Manuel%20-%20SP%2C%2018650-000!5e0!3m2!1spt-BR!2sbr!4v1606097668260!5m2!1spt-BR!2sbr\" width=\"100%\" height=\"450\" frameborder=\"0\" style=\"border:0;\" allowfullscreen=\"\" aria-hidden=\"false\" tabindex=\"0\"><\/iframe><\/div><\/div>\n<\/div>\n<\/div>\n<\/div>\n\n<div class=\"et_pb_section_1 et_pb_section et_section_regular et_block_section et_pb_section_parallax\"><span class=\"et-pb-parallax-wrapper\"><span class=\"et-pb-parallax-background et-pb-parallax-background--css et-pb-parallax-background-module--divi-section-1\" style=\"background-image:url(https:\/\/acesm.com.br\/site\/wp-content\/uploads\/2020\/11\/fachada_acesm.jpg)\"><\/span><\/span>\n<div class=\"et_pb_row_3 et_pb_row et_block_row\">\n<div class=\"et_pb_column_4 et_pb_column et_pb_column_4_4 et-last-child et_block_column et_pb_css_mix_blend_mode_passthrough\">\n<div class=\"et_pb_text_9 et_pb_text et_pb_bg_layout_light et_pb_module et_block_module\"><div class=\"et_pb_text_inner\"><p>Atendimento:<\/p>\n<p>(14) 99129-5607 | (14) 99610-2957<\/p>\n<\/div><\/div>\n<\/div>\n<\/div>\n<\/div>\n\n<div class=\"et_pb_section_2 et_pb_section et_section_regular et_block_section\">\n<div class=\"et_pb_row_4 et_pb_row et_block_row\">\n<div class=\"et_pb_column_5 et_pb_column et_pb_column_4_4 et-last-child et_block_column et_pb_css_mix_blend_mode_passthrough\">\n<div class=\"et_pb_text_10 et_pb_text et_pb_bg_layout_light et_pb_module et_block_module\"><div class=\"et_pb_text_inner\"><p>Principais Servi\u00e7os:<\/p>\n<\/div><\/div>\n\n<div class=\"et_pb_divider_1 et_pb_divider et_pb_space et_pb_divider_position_top et_pb_module\"><div class=\"et_pb_divider_internal\"><\/div><\/div>\n\n<div class=\"et_pb_blog_0 et_pb_blog et_pb_bg_layout_light et_pb_posts et_pb_module\"><div class=\"et_pb_ajax_pagination_container\"><div class=\"et_pb_posts et_grid_module\"><article class=\"et_pb_post et_pb_post_id_1276 clearfix et_pb_blog_item_0_0 post-1276 post type-post status-publish format-standard has-post-thumbnail hentry category-noticias\"><div class=\"et_pb_image_container\"><a href=\"https:\/\/acesm.com.br\/site\/2026\/04\/07\/curso-inteligencia-em-vendas-em-parceria-com-facesp-e-iev\/\" class=\"entry-featured-image-url\"><img loading=\"lazy\" decoding=\"async\" src=\"https:\/\/acesm.com.br\/site\/wp-content\/uploads\/2026\/04\/05-01.jpg\" width=\"400\" height=\"284\" alt=\"Curso Intelig\u00eancia em Vendas em parceria com Facesp e IEV\" class=\"\" srcset=\"https:\/\/acesm.com.br\/site\/wp-content\/uploads\/2026\/04\/05-01.jpg 479w, https:\/\/acesm.com.br\/site\/wp-content\/uploads\/2026\/04\/05-01-400x284.jpg 480w\" sizes=\"(max-width:479px) 479px, 100vw\" \/><span data-icon=\"\ue050\" class=\"et_overlay et_pb_inline_icon\"><\/span><\/a><\/div><h2 class=\"entry-title\"><a href=\"https:\/\/acesm.com.br\/site\/2026\/04\/07\/curso-inteligencia-em-vendas-em-parceria-com-facesp-e-iev\/\">Curso Intelig\u00eancia em Vendas em parceria com Facesp e IEV<\/a><\/h2><p class=\"post-meta\"><\/p><div class=\"post-content\"><div class=\"post-content-inner\"><p>Em Mar\u00e7o, a ACESM realizou, em parceria com a FACESP e a IEV, um treinamento conduzido por Leandro Oliveira, reunindo Associa\u00e7\u00f5es Comerciais de toda a regi\u00e3o. A ACESM segue em constante atualiza\u00e7\u00e3o e especializa\u00e7\u00e3o para oferecer sempre o melhor aos seus&#8230;<\/p>\n<\/div><\/div><\/article><article class=\"et_pb_post et_pb_post_id_1273 clearfix et_pb_blog_item_0_1 post-1273 post type-post status-publish format-standard has-post-thumbnail hentry category-noticias\"><div class=\"et_pb_image_container\"><a href=\"https:\/\/acesm.com.br\/site\/2026\/04\/02\/abril-fique-atento-as-datas-que-movimentam-o-comercio\/\" class=\"entry-featured-image-url\"><img loading=\"lazy\" decoding=\"async\" src=\"https:\/\/acesm.com.br\/site\/wp-content\/uploads\/2026\/04\/04.jpg\" width=\"400\" height=\"284\" alt=\"Abril: Fique atento \u00e0s datas que movimentam o com\u00e9rcio\" class=\"\" srcset=\"https:\/\/acesm.com.br\/site\/wp-content\/uploads\/2026\/04\/04.jpg 479w, https:\/\/acesm.com.br\/site\/wp-content\/uploads\/2026\/04\/04-400x284.jpg 480w\" sizes=\"(max-width:479px) 479px, 100vw\" \/><span data-icon=\"\ue050\" class=\"et_overlay et_pb_inline_icon\"><\/span><\/a><\/div><h2 class=\"entry-title\"><a href=\"https:\/\/acesm.com.br\/site\/2026\/04\/02\/abril-fique-atento-as-datas-que-movimentam-o-comercio\/\">Abril: Fique atento \u00e0s datas que movimentam o com\u00e9rcio<\/a><\/h2><p class=\"post-meta\"><\/p><div class=\"post-content\"><div class=\"post-content-inner\"><p>Abril \u00e9 um m\u00eas repleto de oportunidades para os comerciantes aproveitarem datas comemorativas que fortalecem as vendas e aproximam neg\u00f3cios e clientes. Planejar com anteced\u00eancia faz toda a diferen\u00e7a na experi\u00eancia do cliente e nos resultados do seu neg\u00f3cio. Aproveite&#8230;<\/p>\n<\/div><\/div><\/article><article class=\"et_pb_post et_pb_post_id_1249 clearfix et_pb_blog_item_0_2 post-1249 post type-post status-publish format-standard has-post-thumbnail hentry category-noticias\"><div class=\"et_pb_image_container\"><a href=\"https:\/\/acesm.com.br\/site\/2026\/03\/15\/feliz-dia-do-consumidor\/\" class=\"entry-featured-image-url\"><img loading=\"lazy\" decoding=\"async\" src=\"https:\/\/acesm.com.br\/site\/wp-content\/uploads\/2026\/03\/01.jpg\" width=\"400\" height=\"284\" alt=\"Feliz dia do Consumidor\" class=\"\" srcset=\"https:\/\/acesm.com.br\/site\/wp-content\/uploads\/2026\/03\/01.jpg 479w, https:\/\/acesm.com.br\/site\/wp-content\/uploads\/2026\/03\/01-400x284.jpg 480w\" sizes=\"(max-width:479px) 479px, 100vw\" \/><span data-icon=\"\ue050\" class=\"et_overlay et_pb_inline_icon\"><\/span><\/a><\/div><h2 class=\"entry-title\"><a href=\"https:\/\/acesm.com.br\/site\/2026\/03\/15\/feliz-dia-do-consumidor\/\">Feliz dia do Consumidor<\/a><\/h2><p class=\"post-meta\"><\/p><div class=\"post-content\"><div class=\"post-content-inner\"><p>O Dia do Consumidor \u00e9 uma data para reconhecer a import\u00e2ncia de quem movimenta o com\u00e9rcio e fortalece nossa cidade. A Associa\u00e7\u00e3o Comercial e Empresarial de S\u00e3o Manuel parabeniza todos os consumidores e agradece por apoiar o com\u00e9rcio local<\/p>\n<\/div><\/div><\/article><\/div><\/div><\/div>\n<\/div>\n<\/div>\n<\/div><div style=\"padding-bottom:20px; padding-top:10px;\" class=\"hupso-share-buttons\"><!-- Hupso Share Buttons - https:\/\/www.hupso.com\/share\/ --><a class=\"hupso_counters\" href=\"https:\/\/www.hupso.com\/share\/\"><img decoding=\"async\" src=\"https:\/\/static.hupso.com\/share\/buttons\/dot.png\" style=\"border:0px; padding-top:2px; float:left;\" alt=\"Share Button\"\/><\/a><script type=\"text\/javascript\">var hupso_services_c=new Array(\"twitter\",\"facebook_like\",\"facebook_send\",\"google\",\"pinterest\",\"email\",\"print\",\"linkedin\");var hupso_counters_lang = \"pt_BR\";var hupso_image_folder_url = \"\";var hupso_url_c=\"\";var hupso_title_c=\"Contato\";<\/script><script type=\"text\/javascript\" src=\"https:\/\/static.hupso.com\/share\/js\/counters.js\"><\/script><!-- Hupso Share Buttons --><\/div>","protected":false},"excerpt":{"rendered":"","protected":false},"author":1,"featured_media":0,"parent":0,"menu_order":0,"comment_status":"closed","ping_status":"closed","template":"","meta":{"footnotes":""},"class_list":["post-606","page","type-page","status-publish","hentry"],"_links":{"self":[{"href":"https:\/\/acesm.com.br\/site\/wp-json\/wp\/v2\/pages\/606","targetHints":{"allow":["GET"]}}],"collection":[{"href":"https:\/\/acesm.com.br\/site\/wp-json\/wp\/v2\/pages"}],"about":[{"href":"https:\/\/acesm.com.br\/site\/wp-json\/wp\/v2\/types\/page"}],"author":[{"embeddable":true,"href":"https:\/\/acesm.com.br\/site\/wp-json\/wp\/v2\/users\/1"}],"replies":[{"embeddable":true,"href":"https:\/\/acesm.com.br\/site\/wp-json\/wp\/v2\/comments?post=606"}],"version-history":[{"count":6,"href":"https:\/\/acesm.com.br\/site\/wp-json\/wp\/v2\/pages\/606\/revisions"}],"predecessor-version":[{"id":1267,"href":"https:\/\/acesm.com.br\/site\/wp-json\/wp\/v2\/pages\/606\/revisions\/1267"}],"wp:attachment":[{"href":"https:\/\/acesm.com.br\/site\/wp-json\/wp\/v2\/media?parent=606"}],"curies":[{"name":"wp","href":"https:\/\/api.w.org\/{rel}","templated":true}]}}