{"id":596,"date":"2020-11-23T02:05:16","date_gmt":"2020-11-23T02:05:16","guid":{"rendered":"https:\/\/acesm.com.br\/site\/associese-copy\/"},"modified":"2026-03-27T15:47:29","modified_gmt":"2026-03-27T15:47:29","slug":"perfildetalentos","status":"publish","type":"page","link":"https:\/\/acesm.com.br\/site\/perfildetalentos\/","title":{"rendered":"Perfil de Talentos"},"content":{"rendered":"<div class=\"et_pb_section_0 et_pb_section et_section_regular et_block_section\">\n<div class=\"et_pb_row_0 et_pb_row et_block_row\">\n<div class=\"et_pb_column_0 et_pb_column et_pb_column_4_4 et-last-child et_block_column et_pb_css_mix_blend_mode_passthrough\">\n<div class=\"et_pb_text_0 et_pb_text et_pb_bg_layout_light et_pb_module et_block_module\"><div class=\"et_pb_text_inner\"><p>Perfil de Talentos<\/p>\n<\/div><\/div>\n\n<div class=\"et_pb_divider_0 et_pb_divider et_pb_space et_pb_divider_position_top et_pb_module\"><div class=\"et_pb_divider_internal\"><\/div><\/div>\n<\/div>\n<\/div>\n\n<div class=\"et_pb_row_1 et_pb_row et_block_row\">\n<div class=\"et_pb_column_1 et_pb_column et_pb_column_2_3 et_block_column et_pb_css_mix_blend_mode_passthrough\">\n<div class=\"et_pb_text_1 et_pb_text et_pb_bg_layout_light et_pb_module et_block_module\"><div class=\"et_pb_text_inner\"><h2><strong>O Perfil de Talentos, visa auxiliar na inscri\u00e7\u00e3o de jovens estudantes no mercado de trabalho.<\/strong><\/h2>\n<\/div><\/div>\n\n<div class=\"et_pb_text_2 et_pb_text et_pb_bg_layout_light et_pb_module et_block_module\"><div class=\"et_pb_text_inner\"><div class=\"intro-text\">\n<p>Pode ser estagi\u00e1rio os estudantes, que tiverem 16 anos ou mais, que estejam cursando o Ensino M\u00e9dio, T\u00e9cnico ou Superior, estudantes excepcionais e estudantes dos cursos E.J.A. (Ensino para Jovens e Adultos) confirme a Lei do Est\u00e1gio n\u00ba 11.788\/2008.<\/p>\n<p>O estagi\u00e1rio pode estagiar dentro da mesma empresa por no m\u00e1ximo 24 meses (2 anos), sendo que n\u00e3o h\u00e1 limite de empresas para estagiar, o importante mesmo \u00e9 estar estudando e estagiar na \u00e1rea de estudo, em caso de cursos espec\u00edficos.<\/p>\n<p>Al\u00e9m da qualifica\u00e7\u00e3o oferecida o empres\u00e1rio n\u00e3o ter\u00e1 algumas despesas devido a n\u00e3o cobran\u00e7a de encargos.<\/p>\n<p>Para fazer seu cadastro clique no link abaixo:<\/p>\n<p><a href=\"https:\/\/www.perfildetalentos.com.br\" target=\"_blank\" rel=\"noopener noreferrer\">www.perfildetalentos.com.br<\/a>\u00a0<\/p>\n<\/div>\n<\/div><\/div>\n\n<div class=\"et_pb_text_3 et_pb_text et_pb_bg_layout_light et_pb_module et_block_module\"><div class=\"et_pb_text_inner\"><h2><strong>ou Ligue:<\/strong><\/h2>\n<\/div><\/div>\n\n<div class=\"et_pb_text_4 et_pb_text et_pb_bg_layout_light et_pb_module et_block_module\"><div class=\"et_pb_text_inner\"><p>ACESM S\u00e3o Manuel Whatsapp:\u00a0(14) 99129-5607 | (14) 99610-2957<\/p>\n<\/div><\/div>\n<\/div>\n\n<div class=\"et_pb_column_2 et_pb_column et_pb_column_1_3 et-last-child et_block_column et_pb_css_mix_blend_mode_passthrough\">\n<div class=\"et_pb_contact_form_0 et_pb_contact_form_container clearfix et_pb_module et_flex_module\" data-form_unique_num=\"0\" data-form_unique_id=\"7067d836e5cc6b8d0df5f1ee01accc26\" id=\"et_pb_contact_form_7067d836e5cc6b8d0df5f1ee01accc26\"><h1 class=\"et_pb_contact_main_title\">Preencha para solicitar servi\u00e7os.<\/h1><div class=\"et-pb-contact-message\"><\/div><div class=\"et_pb_contact\"><form class=\"et_pb_contact_form et_flex_module\" method=\"post\" action=\"https:\/\/acesm.com.br\/site\/wp-json\/wp\/v2\/pages\/596\">\n<div class=\"et_pb_contact_field_0 et_pb_contact_field et_pb_module et_flex_module et_flex_column_24_24 et_flex_column_24_24_tablet et_flex_column_24_24_phone\" data-id=\"name\" data-type=\"input\"><label class=\"et_pb_contact_form_label\" for=\"et_pb_contact_0_name_0\">Nome<\/label><input type=\"text\" name=\"et_pb_contact_0_name_0\" id=\"et_pb_contact_0_name_0\" class=\"input\" data-required_mark=\"required\" data-field_type=\"input\" data-original_id=\"name\" placeholder=\"Nome\" title=\"\" value=\"\" \/><\/div>\n\n<div class=\"et_pb_contact_field_1 et_pb_contact_field et_pb_module et_flex_module et_flex_column_24_24 et_flex_column_24_24_tablet et_flex_column_24_24_phone\" data-id=\"email\" data-type=\"email\"><label class=\"et_pb_contact_form_label\" for=\"et_pb_contact_0_email_1\">E-mail<\/label><input type=\"text\" name=\"et_pb_contact_0_email_1\" id=\"et_pb_contact_0_email_1\" class=\"input\" data-required_mark=\"required\" data-field_type=\"email\" data-original_id=\"email\" placeholder=\"E-mail\" title=\"\" value=\"\" \/><\/div>\n\n<div class=\"et_pb_contact_field_2 et_pb_contact_field et_pb_module et_flex_module et_flex_column_24_24 et_flex_column_24_24_tablet et_flex_column_24_24_phone\" data-id=\"telefone\" data-type=\"input\"><label class=\"et_pb_contact_form_label\" for=\"et_pb_contact_0_telefone_2\">Telefone<\/label><input type=\"text\" name=\"et_pb_contact_0_telefone_2\" id=\"et_pb_contact_0_telefone_2\" class=\"input\" data-required_mark=\"required\" data-field_type=\"input\" data-original_id=\"telefone\" placeholder=\"Telefone\" title=\"\" value=\"\" \/><\/div>\n\n<div class=\"et_pb_contact_field_3 et_pb_contact_field et_pb_module et_flex_module et_flex_column_24_24 et_flex_column_24_24_tablet et_flex_column_24_24_phone\" data-id=\"cidade\" data-type=\"input\"><label class=\"et_pb_contact_form_label\" for=\"et_pb_contact_0_cidade_3\">Cidade<\/label><input type=\"text\" name=\"et_pb_contact_0_cidade_3\" id=\"et_pb_contact_0_cidade_3\" class=\"input\" data-required_mark=\"required\" data-field_type=\"input\" data-original_id=\"cidade\" placeholder=\"Cidade\" title=\"\" value=\"\" \/><\/div>\n\n<div class=\"et_pb_contact_field_4 et_pb_contact_field et_pb_module et_flex_module et_flex_column_24_24 et_flex_column_24_24_tablet et_flex_column_24_24_phone\" data-id=\"message\" data-type=\"text\"><label class=\"et_pb_contact_form_label\" for=\"et_pb_contact_0_message_4\">Mensagem<\/label><textarea name=\"et_pb_contact_0_message_4\" id=\"et_pb_contact_0_message_4\" class=\"et_pb_contact_message input\" data-required_mark=\"required\" data-field_type=\"text\" data-original_id=\"message\" placeholder=\"Mensagem\"><\/textarea><\/div>\n<input type=\"hidden\" name=\"et_pb_contactform_submit_7067d836e5cc6b8d0df5f1ee01accc26\" value=\"et_contact_proccess\" \/><div class=\"et_contact_bottom_container\"><div class=\"et_pb_contact_right et_pb_contact_field\"><p class=\"clearfix\"><span class=\"et_pb_contact_captcha_question\">15 + 11<\/span> = <input type=\"text\" size=\"2\" class=\"input et_pb_contact_captcha\" data-first_digit=\"15\" data-second_digit=\"11\" data-required_mark=\"required\" name=\"et_pb_contact_captcha_7067d836e5cc6b8d0df5f1ee01accc26\" autocomplete=\"off\" \/><\/p><\/div><div class=\"et_pb_button_wrapper\"><button type=\"submit\" name=\"et_builder_submit_button\" class=\"et_pb_button et_pb_contact_submit\">Submit<\/button><\/div><\/div><input type=\"hidden\" id=\"_wpnonce-et-pb-contact-form-submitted-7067d836e5cc6b8d0df5f1ee01accc26\" name=\"_wpnonce-et-pb-contact-form-submitted-7067d836e5cc6b8d0df5f1ee01accc26\" value=\"7afe09f908\" \/><input type=\"hidden\" name=\"_wp_http_referer\" value=\"\/site\/wp-json\/wp\/v2\/pages\/596\" \/><\/form><\/div><\/div>\n<\/div>\n<\/div>\n<\/div>\n\n<div class=\"et_pb_section_1 et_pb_section et_section_regular et_block_section et_pb_section_parallax\"><span class=\"et-pb-parallax-wrapper\"><span class=\"et-pb-parallax-background et-pb-parallax-background--css et-pb-parallax-background-module--divi-section-1\" style=\"background-image:url(https:\/\/acesm.com.br\/site\/wp-content\/uploads\/2020\/11\/fachada_acesm.jpg)\"><\/span><\/span>\n<div class=\"et_pb_row_2 et_pb_row et_block_row\">\n<div class=\"et_pb_column_3 et_pb_column et_pb_column_4_4 et-last-child et_block_column et_pb_css_mix_blend_mode_passthrough\">\n<div class=\"et_pb_text_5 et_pb_text et_pb_bg_layout_light et_pb_module et_block_module et_pb_text_align_center\"><div class=\"et_pb_text_inner\"><p>Atendimento:<\/p>\n<p>(14) 99129-5607 | (14) 99610-2957<\/p>\n<\/div><\/div>\n<\/div>\n<\/div>\n<\/div>\n\n<div class=\"et_pb_section_2 et_pb_section et_section_regular et_block_section\">\n<div class=\"et_pb_row_3 et_pb_row et_block_row\">\n<div class=\"et_pb_column_4 et_pb_column et_pb_column_4_4 et-last-child et_block_column et_pb_css_mix_blend_mode_passthrough\">\n<div class=\"et_pb_text_6 et_pb_text et_pb_bg_layout_light et_pb_module et_block_module\"><div class=\"et_pb_text_inner\"><p>Principais Servi\u00e7os:<\/p>\n<\/div><\/div>\n\n<div class=\"et_pb_divider_1 et_pb_divider et_pb_space et_pb_divider_position_top et_pb_module\"><div class=\"et_pb_divider_internal\"><\/div><\/div>\n\n<div class=\"et_pb_blog_0 et_pb_blog et_pb_bg_layout_light et_pb_posts et_pb_module\"><div class=\"et_pb_ajax_pagination_container\"><div class=\"et_pb_posts et_grid_module\"><article class=\"et_pb_post et_pb_post_id_1249 clearfix et_pb_blog_item_0_0 post-1249 post type-post status-publish format-standard has-post-thumbnail hentry category-noticias\"><div class=\"et_pb_image_container\"><a href=\"https:\/\/acesm.com.br\/site\/2026\/03\/15\/feliz-dia-do-consumidor\/\" class=\"entry-featured-image-url\"><img loading=\"lazy\" decoding=\"async\" src=\"https:\/\/acesm.com.br\/site\/wp-content\/uploads\/2026\/03\/01.jpg\" width=\"400\" height=\"284\" alt=\"Feliz dia do Consumidor\" class=\"\" srcset=\"https:\/\/acesm.com.br\/site\/wp-content\/uploads\/2026\/03\/01.jpg 479w, https:\/\/acesm.com.br\/site\/wp-content\/uploads\/2026\/03\/01-400x284.jpg 480w\" sizes=\"(max-width:479px) 479px, 100vw\" \/><span data-icon=\"\ue050\" class=\"et_overlay et_pb_inline_icon\"><\/span><\/a><\/div><h2 class=\"entry-title\"><a href=\"https:\/\/acesm.com.br\/site\/2026\/03\/15\/feliz-dia-do-consumidor\/\">Feliz dia do Consumidor<\/a><\/h2><p class=\"post-meta\"><\/p><div class=\"post-content\"><div class=\"post-content-inner\"><p>O Dia do Consumidor \u00e9 uma data para reconhecer a import\u00e2ncia de quem movimenta o com\u00e9rcio e fortalece nossa cidade. A Associa\u00e7\u00e3o Comercial e Empresarial de S\u00e3o Manuel parabeniza todos os consumidores e agradece por apoiar o com\u00e9rcio local<\/p>\n<\/div><\/div><\/article><article class=\"et_pb_post et_pb_post_id_1245 clearfix et_pb_blog_item_0_1 post-1245 post type-post status-publish format-standard has-post-thumbnail hentry category-noticias\"><div class=\"et_pb_image_container\"><a href=\"https:\/\/acesm.com.br\/site\/2026\/03\/15\/parceria-imes\/\" class=\"entry-featured-image-url\"><img loading=\"lazy\" decoding=\"async\" src=\"https:\/\/acesm.com.br\/site\/wp-content\/uploads\/2026\/03\/imes.jpg\" width=\"400\" height=\"284\" alt=\"Parceria com o IMES\" class=\"\" srcset=\"https:\/\/acesm.com.br\/site\/wp-content\/uploads\/2026\/03\/imes.jpg 479w, https:\/\/acesm.com.br\/site\/wp-content\/uploads\/2026\/03\/imes-400x284.jpg 480w\" sizes=\"(max-width:479px) 479px, 100vw\" \/><span data-icon=\"\ue050\" class=\"et_overlay et_pb_inline_icon\"><\/span><\/a><\/div><h2 class=\"entry-title\"><a href=\"https:\/\/acesm.com.br\/site\/2026\/03\/15\/parceria-imes\/\">Parceria com o IMES<\/a><\/h2><p class=\"post-meta\"><\/p><div class=\"post-content\"><div class=\"post-content-inner\"><p>Nossos associados t\u00eam benef\u00edcios exclusivos em faculdades parceiras, garantindo descontos especiais, acesso facilitado a cursos e oportunidades de capacita\u00e7\u00e3o que fazem a diferen\u00e7a na sua carreira e no crescimento do seu neg\u00f3cio. Invista em conhecimento e fa\u00e7a parte&#8230;<\/p>\n<\/div><\/div><\/article><article class=\"et_pb_post et_pb_post_id_1240 clearfix et_pb_blog_item_0_2 post-1240 post type-post status-publish format-standard has-post-thumbnail hentry category-noticias\"><div class=\"et_pb_image_container\"><a href=\"https:\/\/acesm.com.br\/site\/2026\/03\/15\/visita-a-escola-walter-carrer\/\" class=\"entry-featured-image-url\"><img loading=\"lazy\" decoding=\"async\" src=\"https:\/\/acesm.com.br\/site\/wp-content\/uploads\/2026\/03\/escola_03.jpg\" width=\"400\" height=\"284\" alt=\"Visita \u00e0 Escola Walter Carrer\" class=\"\" srcset=\"https:\/\/acesm.com.br\/site\/wp-content\/uploads\/2026\/03\/escola_03.jpg 479w, https:\/\/acesm.com.br\/site\/wp-content\/uploads\/2026\/03\/escola_03-400x284.jpg 480w\" sizes=\"(max-width:479px) 479px, 100vw\" \/><span data-icon=\"\ue050\" class=\"et_overlay et_pb_inline_icon\"><\/span><\/a><\/div><h2 class=\"entry-title\"><a href=\"https:\/\/acesm.com.br\/site\/2026\/03\/15\/visita-a-escola-walter-carrer\/\">Visita \u00e0 Escola Walter Carrer<\/a><\/h2><p class=\"post-meta\"><\/p><div class=\"post-content\"><div class=\"post-content-inner\"><p>No dia 05 de mar\u00e7o, a Associa\u00e7\u00e3o Comercial de S\u00e3o Manuel realizou uma visita \u00e0 Escola Walter Carrer, conversando com alunos do 2\u00ba e 3\u00ba ano do curso t\u00e9cnico, no per\u00edodo da manh\u00e3. Durante o encontro, foi apresentado aos estudantes como funciona o est\u00e1gio no mercado de&#8230;<\/p>\n<\/div><\/div><\/article><\/div><\/div><\/div>\n<\/div>\n<\/div>\n<\/div><div style=\"padding-bottom:20px; padding-top:10px;\" class=\"hupso-share-buttons\"><!-- Hupso Share Buttons - https:\/\/www.hupso.com\/share\/ --><a class=\"hupso_counters\" href=\"https:\/\/www.hupso.com\/share\/\"><img decoding=\"async\" src=\"https:\/\/static.hupso.com\/share\/buttons\/dot.png\" style=\"border:0px; padding-top:2px; float:left;\" alt=\"Share Button\"\/><\/a><script type=\"text\/javascript\">var hupso_services_c=new Array(\"twitter\",\"facebook_like\",\"facebook_send\",\"google\",\"pinterest\",\"email\",\"print\",\"linkedin\");var hupso_counters_lang = \"pt_BR\";var hupso_image_folder_url = \"\";var hupso_url_c=\"\";var hupso_title_c=\"Perfil%20de%20Talentos\";<\/script><script type=\"text\/javascript\" src=\"https:\/\/static.hupso.com\/share\/js\/counters.js\"><\/script><!-- Hupso Share Buttons --><\/div>","protected":false},"excerpt":{"rendered":"","protected":false},"author":1,"featured_media":0,"parent":0,"menu_order":0,"comment_status":"closed","ping_status":"closed","template":"","meta":{"footnotes":""},"class_list":["post-596","page","type-page","status-publish","hentry"],"_links":{"self":[{"href":"https:\/\/acesm.com.br\/site\/wp-json\/wp\/v2\/pages\/596","targetHints":{"allow":["GET"]}}],"collection":[{"href":"https:\/\/acesm.com.br\/site\/wp-json\/wp\/v2\/pages"}],"about":[{"href":"https:\/\/acesm.com.br\/site\/wp-json\/wp\/v2\/types\/page"}],"author":[{"embeddable":true,"href":"https:\/\/acesm.com.br\/site\/wp-json\/wp\/v2\/users\/1"}],"replies":[{"embeddable":true,"href":"https:\/\/acesm.com.br\/site\/wp-json\/wp\/v2\/comments?post=596"}],"version-history":[{"count":4,"href":"https:\/\/acesm.com.br\/site\/wp-json\/wp\/v2\/pages\/596\/revisions"}],"predecessor-version":[{"id":1271,"href":"https:\/\/acesm.com.br\/site\/wp-json\/wp\/v2\/pages\/596\/revisions\/1271"}],"wp:attachment":[{"href":"https:\/\/acesm.com.br\/site\/wp-json\/wp\/v2\/media?parent=596"}],"curies":[{"name":"wp","href":"https:\/\/api.w.org\/{rel}","templated":true}]}}